{"id":3249,"date":"2024-06-17T09:01:26","date_gmt":"2024-06-17T07:01:26","guid":{"rendered":"https:\/\/www.golden-compound.com\/?page_id=3249"},"modified":"2024-11-22T10:16:39","modified_gmt":"2024-11-22T09:16:39","slug":"agb","status":"publish","type":"page","link":"https:\/\/www.golden-compound.com\/en\/agb\/","title":{"rendered":"AGB"},"content":{"rendered":"<div data-elementor-type=\"wp-page\" data-elementor-id=\"3249\" class=\"elementor elementor-3249\" data-elementor-post-type=\"page\">\n\t\t\t\t\t\t<section class=\"elementor-section elementor-top-section elementor-element elementor-element-02c12a1 elementor-section-boxed elementor-section-height-default elementor-section-height-default\" data-id=\"02c12a1\" data-element_type=\"section\" data-e-type=\"section\" data-settings=\"{&quot;background_background&quot;:&quot;classic&quot;}\">\n\t\t\t\t\t\t<div class=\"elementor-container elementor-column-gap-default\">\n\t\t\t\t\t<div class=\"elementor-column elementor-col-100 elementor-top-column elementor-element elementor-element-ed6043f\" data-id=\"ed6043f\" data-element_type=\"column\" data-e-type=\"column\">\n\t\t\t<div class=\"elementor-widget-wrap elementor-element-populated\">\n\t\t\t\t\t\t<div class=\"elementor-element elementor-element-6aca300 elementor-widget elementor-widget-heading\" data-id=\"6aca300\" data-element_type=\"widget\" data-e-type=\"widget\" data-widget_type=\"heading.default\">\n\t\t\t\t<div class=\"elementor-widget-container\">\n\t\t\t\t\t<h2 class=\"elementor-heading-title elementor-size-default\">Allgemeine Gesch\u00e4ftsbedingungen<\/h2>\t\t\t\t<\/div>\n\t\t\t\t<\/div>\n\t\t\t\t<div class=\"elementor-element elementor-element-fff950c elementor-widget elementor-widget-text-editor\" data-id=\"fff950c\" data-element_type=\"widget\" data-e-type=\"widget\" data-widget_type=\"text-editor.default\">\n\t\t\t\t<div class=\"elementor-widget-container\">\n\t\t\t\t\t\t\t\t\t<p><strong>1 Vertragsabschluss<\/strong><\/p><ol><li>Alle Bestellungen des Bestellers erfolgen ausschlie\u00dflich auf der Grundlage dieser allgemeinen\u00a0Einkaufsbedingungen. Andere Bedingungen, insb. Verkaufsbedingungen oder Lieferbedingungen\u00a0des Lieferanten werden nicht Vertragsinhalt, auch wenn der Besteller ihnen nicht ausdr\u00fccklich\u00a0widerspricht. Diese allgemeinen Einkaufsbedingungen gelten auch f\u00fcr alle nachfolgenden\u00a0Bestellungen oder Vertragsbeziehungen zwischen dem Lieferanten und dem Besteller.<\/li><li>Wird der Auftrag des Bestellers nicht innerhalb von 5 Arbeitstagen nach Zugang schriftlich best\u00e4tigt, ist der Besteller zum Widerruf berechtigt.<\/li><li>Nur schriftlich erteilte Bestellungen sind verbindlich. M\u00fcndlich oder telefonisch erteilte Bestellungen bed\u00fcrfen zu Ihrer G\u00fcltigkeit der nachtr\u00e4glichen Best\u00e4tigung durch ein Best\u00e4tigungsschreiben des Bestellers. M\u00fcndliche Nebenabreden und \u00c4nderungen des Vertrages sollen ebenfalls schriftlich best\u00e4tigt werden.<\/li><\/ol><p><strong>2 Angebot und Vertragsschluss<\/strong><\/p><ol><li>Der Lieferant hat sich in seinen Angeboten bez\u00fcglich Menge, Beschaffenheit und Ausf\u00fchrung an die vom Besteller vorgegebenen oder genehmigten Auftr\u00e4ge, Ausschreibungen und etwaige Zeichnungen zu halten. Auf etwaige beabsichtigte oder vorhandene Abweichungen hat er den Besteller ausdr\u00fccklich schriftlich hinzuweisen. Abweichungen bed\u00fcrfen der schriftlichen Zustimmung des Bestellers.<\/li><li>Bestellungen bed\u00fcrfen zu ihrer Wirksamkeit keiner besonderen Form. Sie k\u00f6nnen schriftlich oder m\u00fcndlich erteilt werden. Im Falle m\u00fcndlicher Bestellungen hat der Lieferant auf Lieferschein und Rechnung den Namen der Bestellperson anzugeben.<\/li><\/ol><p><strong>3 Preise, Versand, Verpackung<\/strong><\/p><ol><li>Die vereinbarten Preise sind Festpreise und schlie\u00dfen Nachforderungen aller Art aus. Kosten f\u00fcr Verpackung und Transport sowie f\u00fcr Zollformalit\u00e4ten und Zoll sind in diesen Preisen enthalten. Sofern sich die Gestehungskosten des Lieferanten um mehr als 10% \u00e4ndern, ohne dass dies f\u00fcr die Parteien vorhersehbar war, ist jede Partei berechtigt, eine Neuverhandlung der Preise zu verlangen. Der Besteller ist jedoch nicht verpflichtet, ge\u00e4nderte, insb. h\u00f6here Preise zu akzeptieren, es sei denn, es liegen die Voraussetzungen eines Wegfalls der Gesch\u00e4ftsgrundlage (\u00a7 313 BGB) vor.<\/li><li>Versandanzeigen, Frachtbriefe, Rechnungen und s\u00e4mtliche Korrespondenz haben die Bestellnummer des Bestellers zu enthalten.<\/li><li>Der Versand erfolgt auf Kosten und Gefahr des Lieferanten frei vereinbartem Anlieferort.<\/li><li>Die R\u00fccknahmeverpflichtung f\u00fcr Verpackungen richtet sich nach den gesetzlichen Bestimmungen.<\/li><\/ol><p><strong>4 Rechnungen und Zahlung<\/strong><\/p><ol><li>Rechnungen sind mit allen vereinbarten Angaben und Unterlagen, mangels Vereinbarung mit den \u00fcblichen, nach erfolgter Anlieferung einzureichen. Nicht ordnungsgem\u00e4\u00dfe Rechnungen gelten erst vom Zeitpunkt der Richtigstellung als beim Besteller eingegangen.<\/li><li>Die Zahlung erfolgt auf einem handels\u00fcblichen Weg und zwar innerhalb von 14 Tagen netto. Ma\u00dfgeblich f\u00fcr den Beginn der Zahlungsfristen ist der jeweils sp\u00e4tere Zeitpunkt. Bei einer Scheckzahlung gilt die Zahlung als mit Eingang des Schecks beim Lieferanten als bewirkt.<\/li><\/ol><p><strong>5 Liefertermine, Lieferverzug und h\u00f6here Gewalt<\/strong><\/p><ol><li>Die vereinbarten Liefertermine sind verbindlich und vom Lieferanten genau einzuhalten. Ma\u00dfgeblich f\u00fcr die Einhaltung ist der Wareneingang am vereinbarten Anlieferort.<\/li><li>Wird eine \u00dcberschreitung eines Termins erkennbar, hat der Lieferant den Besteller unverz\u00fcglich \u00fcber den Grund und die voraussichtliche Dauer schriftlich zu unterrichten. Ungeachtet dessen l\u00f6st die \u00dcberschreitung eines Termins die Verzugsfolgen aus. In dringenden F\u00e4llen, insb. um einen Produktionsausfall zu vermeiden oder im Hinblick auf eigene Lieferverpflichtungen, ist der Besteller berechtigt, sich ohne weiteres auf Kosten des Lieferanten anderweitig einzudecken.<\/li><li>H\u00f6here Gewalt und Arbeitsk\u00e4mpfe befreien die Vertragspartner f\u00fcr die Dauer der St\u00f6rung von ihrer Leistungspflicht. Die Vertragspartner sind verpflichtet, im Rahmen des Zumutbaren unverz\u00fcglich die erforderlichen Informationen zu geben und ihre gegenseitigen Verpflichtungen den ver\u00e4nderten Verh\u00e4ltnissen nach Treu und Glauben anzupassen. Sollte der Besteller an der Lieferung aufgrund der Verz\u00f6gerung kein Interesse mehr haben, ist der Besteller nach vorheriger Ank\u00fcndigung berechtigt, vom Vertrag zur\u00fcckzutreten.<\/li><li>Im Falle des Lieferverzuges ist der Besteller zur Geltendmachung von Schadensersatz und\/oder R\u00fccktritt nach Ma\u00dfgabe der gesetzlichen Bestimmungen berechtigt.<\/li><li>Bei fr\u00fcherer Anlieferung als vereinbart beh\u00e4lt es sich der Besteller vor, eine R\u00fccksendung auf Kosten des Lieferanten vorzunehmen. Erfolgt bei vorzeitiger Lieferung keine R\u00fccksendung, so lagert die Ware bis zum Liefertermin bei dem Besteller auf Kosten und Gefahr des Lieferanten. F\u00fcr die Zahlung gilt allein der vereinbarte Liefertermin.<\/li><li>Teillieferungen werden nur nach ausdr\u00fccklicher Vereinbarung akzeptiert.<\/li><\/ol><p><strong>6 Haftung f\u00fcr M\u00e4ngel<\/strong><\/p><ol><li>Offensichtliche M\u00e4ngel der Lieferung, n\u00e4mlich Mengenabweichungen und offensichtliche Transportsch\u00e4den, werden durch den Besteller angezeigt, sobald sie nach den Gegebenheiten eines ordnungsgem\u00e4\u00dfen Gesch\u00e4ftsablaufs festgestellt werden. Die R\u00fcge gilt als rechtzeitig, wenn sie innerhalb einer Frist von 5 Arbeitstagen nach Eingang der Lieferung erfolgt. Andere M\u00e4ngel sind binnen 5 Arbeitstagen nach ihrer Entdeckung zu r\u00fcgen.<\/li><li>Die Parteien sind sich einig, dass eine R\u00fcge auch unter der Geltung des UN\u2010Kaufrechts ordnungsgem\u00e4\u00df erhoben ist, wenn der Besteller dem Lieferanten mitteilt, dass das Produkt mangelhaft sei. Eine ausf\u00fchrliche Darlegung der Gr\u00fcnde f\u00fcr die Nichtverwendbarkeit wird der Besteller jedoch auf Nachfragen des Lieferanten in angemessener Frist nachreichen.<\/li><li>Der Lieferant garantiert, dass seine Produkte die vereinbarte Beschaffenheit haben, insbesondere die vom Besteller geforderten Spezifikationen enthalten. \u00c4nderungen und Abweichungen bed\u00fcrfen grunds\u00e4tzlich der vorherigen Abstimmung.<\/li><li>Die gesetzlichen Anspr\u00fcche wegen M\u00e4ngeln einschlie\u00dflich Schadensersatz\u2010 und Aufwendungsersatzanspr\u00fcchen stehen dem Besteller ungek\u00fcrzt zu.<\/li><li>Kommt der Lieferant dem Verlangen nach M\u00e4ngelbeseitigung oder Ersatzlieferung nicht sp\u00e4testens binnen 10 Arbeitstagen nach, gilt die Nachbesserung als gescheitert; der Besteller ist in diesem Fall berechtigt, ohne weiteres Zuwarten vom Vertrag zur\u00fcckzutreten und Schadensersatz statt der Leistung zu verlangen.<\/li><li>Sofern die gelieferten Produkte in einem Endprodukt Verwendung finden, das an einen Verbraucher verkauft wird, steht dem Besteller im Falle einer Inanspruchnahme durch seine Abnehmer aufgrund der \u00a7\u00a7 478, 479 BGB ein Regressanspruch in entsprechender Anwendung dieser Vorschriften gegen den Lieferanten zu. F\u00fcr Umfang, Inhalt und Verj\u00e4hrung gelten \u00a7\u00a7 478, 479 BGB entsprechend.<\/li><\/ol><p><strong>7 Produkthaftung und Haftpflichtversicherungsschutz<\/strong><\/p><ol><li>Soweit der Lieferant f\u00fcr einen Produktschaden verantwortlich ist, ist er verpflichtet, den Besteller insoweit von Schadensersatzanspr\u00fcchen Dritter auf erstes Anfordern freizustellen.<\/li><li>Besteller und Lieferant werden sich bei der Rechtsverteidigung gegenseitig unterrichten und unterst\u00fctzen.<\/li><li>Der Lieferant verpflichtet sich, eine angemessene Produkthaftpflichtversicherung abzuschlie\u00dfen.<\/li><\/ol><p><strong>8 Schutzrechte und Haftung f\u00fcr Rechtsm\u00e4ngel<\/strong><\/p><ol><li>Der Lieferant sichert zu, dass s\u00e4mtliche Lieferungen frei von Rechten Dritter sind und insbesondere durch die Lieferung und Benutzung der Liefergegenst\u00e4nde Patente, Lizenzen oder sonstige Schutzrechte Dritter im Land des vereinbarten Anlieferortes und \u2013 soweit dem Lieferanten bekannt \u2013 des beabsichtigten Verwendungslandes nicht verletzt werden.<\/li><li>Der Lieferant stellt den Besteller und seine Kunden von Anspr\u00fcchen Dritter aus etwaigen Schutzrechtsverletzungen frei und tr\u00e4gt alle Kosten, die dem Besteller in diesem Zusammenhang entstehen.<\/li><li>Im \u00dcbrigen gelten f\u00fcr sonstige Anspr\u00fcche wegen Rechtsm\u00e4ngeln die Regelungen zur Haftung f\u00fcr M\u00e4ngel gem. \u00a7 6 dieses Vertrages.<\/li><\/ol><p><strong>9 Geheimhaltung<\/strong><\/p><ol><li>Die Vertragspartner verpflichten sich, alle Informationen, die ihnen im Rahmen der Gesch\u00e4ftsbeziehungen bekannt werden, vertraulich zu behandeln. Insbesondere sind sie verpflichtet alle erhaltenen Gebrauchsmuster, know\u2010how, produktions\u2010 und herstellungsbezogene Erkenntnisse, Rezepturen, Formeln und sonstigen Unterlagen und Informationen strikt geheim zu halten. Dritten darf ihr Inhalt nur bei Vorliegen einer ausdr\u00fccklichen schriftlichen Zustimmung zug\u00e4nglich gemacht werden.<\/li><li>Die Geheimhaltungspflicht gilt auch nach Abwicklung dieses Vertrages unbegrenzt fort, auch f\u00fcr den Fall, dass ein Vertrag nicht zustande kommt.<\/li><li>Erhaltene Unterlagen sind nach dem Ende der Gesch\u00e4ftsbeziehung unaufgefordert dem Vertragspartner vollst\u00e4ndig einschlie\u00dflich aller Kopien zur\u00fcckzugeben; Dateien sind, falls nicht herausgebbar, endg\u00fcltig zu vernichten.<\/li><\/ol><p><strong>10 Schlussbestimmungen<\/strong><\/p><ol><li>Diese Bedingungen finden im Rechtsverkehr mit Unternehmern Anwendung.<\/li><li>Sollten einzelne Teile dieser Allgemeinen Einkaufsbedingungen rechtsunwirksam sein oder werden, wird die Wirksamkeit der \u00fcbrigen Bestimmungen hierdurch nicht beeintr\u00e4chtigt.<\/li><li>Der Lieferant ist nicht berechtigt, ohne vorherige schriftliche Zustimmung den Auftrag oder wesentliche Teile des Auftrags an Dritte weiterzugeben oder aber Forderungen au\u00dferhalb eines verl\u00e4ngerten oder erweiterten Eigentumsvorbehaltes abzutreten.<\/li><li>Stellt der Lieferant die Zahlungen ein, wird das Insolvenzverfahren \u00fcber sein Verm\u00f6gen beantragt oder er\u00f6ffnet oder wird ein au\u00dfergerichtliches Schuldenbereinigungsverfahren \u00fcber das Verm\u00f6gen des Lieferanten eingeleitet, so ist der Besteller berechtigt, den Vertrag fristlos zu k\u00fcndigen, wenn nicht der Antrag binnen 4 Wochen zur\u00fcck genommen wird.<\/li><li>Erf\u00fcllungsort und Gerichtsstand ist der Gesch\u00e4ftssitz des Bestellers, sofern sich aus der Auftragsbest\u00e4tigung nicht etwas anderes ergibt.<\/li><li>F\u00fcr alle Rechtsbeziehungen zwischen den Parteien gilt ausschlie\u00dflich deutsches Recht.<\/li><li>Die Vertragssprache ist deutsch. Soweit daneben eine andere Sprache verwendet wird, hat der deutsche Wortlaut Vorrang.<\/li><\/ol>\t\t\t\t\t\t\t\t<\/div>\n\t\t\t\t<\/div>\n\t\t\t\t\t<\/div>\n\t\t<\/div>\n\t\t\t\t\t<\/div>\n\t\t<\/section>\n\t\t\t\t<\/div>","protected":false},"excerpt":{"rendered":"<p>Allgemeine Gesch\u00e4ftsbedingungen 1 Vertragsabschluss Alle Bestellungen des Bestellers erfolgen ausschlie\u00dflich auf der Grundlage dieser allgemeinen\u00a0Einkaufsbedingungen. Andere Bedingungen, insb. Verkaufsbedingungen oder Lieferbedingungen\u00a0des Lieferanten werden nicht Vertragsinhalt, auch wenn der Besteller ihnen nicht ausdr\u00fccklich\u00a0widerspricht. Diese allgemeinen Einkaufsbedingungen gelten auch f\u00fcr alle nachfolgenden\u00a0Bestellungen oder Vertragsbeziehungen zwischen dem Lieferanten und dem Besteller. Wird der Auftrag des Bestellers nicht innerhalb [&hellip;]<\/p>\n","protected":false},"author":2,"featured_media":0,"parent":0,"menu_order":0,"comment_status":"closed","ping_status":"closed","template":"","meta":{"ocean_post_layout":"full-screen","ocean_both_sidebars_style":"","ocean_both_sidebars_content_width":0,"ocean_both_sidebars_sidebars_width":0,"ocean_sidebar":"0","ocean_second_sidebar":"0","ocean_disable_margins":"enable","ocean_add_body_class":"","ocean_shortcode_before_top_bar":"","ocean_shortcode_after_top_bar":"","ocean_shortcode_before_header":"","ocean_shortcode_after_header":"","ocean_has_shortcode":"","ocean_shortcode_after_title":"","ocean_shortcode_before_footer_widgets":"","ocean_shortcode_after_footer_widgets":"","ocean_shortcode_before_footer_bottom":"","ocean_shortcode_after_footer_bottom":"","ocean_display_top_bar":"on","ocean_display_header":"on","ocean_header_style":"","ocean_center_header_left_menu":"0","ocean_custom_header_template":"0","ocean_custom_logo":0,"ocean_custom_retina_logo":0,"ocean_custom_logo_max_width":0,"ocean_custom_logo_tablet_max_width":0,"ocean_custom_logo_mobile_max_width":0,"ocean_custom_logo_max_height":0,"ocean_custom_logo_tablet_max_height":0,"ocean_custom_logo_mobile_max_height":0,"ocean_header_custom_menu":"0","ocean_menu_typo_font_family":"0","ocean_menu_typo_font_subset":"","ocean_menu_typo_font_size":0,"ocean_menu_typo_font_size_tablet":0,"ocean_menu_typo_font_size_mobile":0,"ocean_menu_typo_font_size_unit":"px","ocean_menu_typo_font_weight":"","ocean_menu_typo_font_weight_tablet":"","ocean_menu_typo_font_weight_mobile":"","ocean_menu_typo_transform":"","ocean_menu_typo_transform_tablet":"","ocean_menu_typo_transform_mobile":"","ocean_menu_typo_line_height":0,"ocean_menu_typo_line_height_tablet":0,"ocean_menu_typo_line_height_mobile":0,"ocean_menu_typo_line_height_unit":"","ocean_menu_typo_spacing":0,"ocean_menu_typo_spacing_tablet":0,"ocean_menu_typo_spacing_mobile":0,"ocean_menu_typo_spacing_unit":"","ocean_menu_link_color":"","ocean_menu_link_color_hover":"","ocean_menu_link_color_active":"","ocean_menu_link_background":"","ocean_menu_link_hover_background":"","ocean_menu_link_active_background":"","ocean_menu_social_links_bg":"","ocean_menu_social_hover_links_bg":"","ocean_menu_social_links_color":"","ocean_menu_social_hover_links_color":"","ocean_disable_title":"on","ocean_disable_heading":"default","ocean_post_title":"","ocean_post_subheading":"","ocean_post_title_style":"","ocean_post_title_background_color":"","ocean_post_title_background":0,"ocean_post_title_bg_image_position":"","ocean_post_title_bg_image_attachment":"","ocean_post_title_bg_image_repeat":"","ocean_post_title_bg_image_size":"","ocean_post_title_height":0,"ocean_post_title_bg_overlay":0.5,"ocean_post_title_bg_overlay_color":"","ocean_disable_breadcrumbs":"default","ocean_breadcrumbs_color":"","ocean_breadcrumbs_separator_color":"","ocean_breadcrumbs_links_color":"","ocean_breadcrumbs_links_hover_color":"","ocean_display_footer_widgets":"on","ocean_display_footer_bottom":"on","ocean_custom_footer_template":"0","footnotes":""},"class_list":["post-3249","page","type-page","status-publish","hentry","entry"],"_links":{"self":[{"href":"https:\/\/www.golden-compound.com\/en\/wp-json\/wp\/v2\/pages\/3249","targetHints":{"allow":["GET"]}}],"collection":[{"href":"https:\/\/www.golden-compound.com\/en\/wp-json\/wp\/v2\/pages"}],"about":[{"href":"https:\/\/www.golden-compound.com\/en\/wp-json\/wp\/v2\/types\/page"}],"author":[{"embeddable":true,"href":"https:\/\/www.golden-compound.com\/en\/wp-json\/wp\/v2\/users\/2"}],"replies":[{"embeddable":true,"href":"https:\/\/www.golden-compound.com\/en\/wp-json\/wp\/v2\/comments?post=3249"}],"version-history":[{"count":12,"href":"https:\/\/www.golden-compound.com\/en\/wp-json\/wp\/v2\/pages\/3249\/revisions"}],"predecessor-version":[{"id":5108,"href":"https:\/\/www.golden-compound.com\/en\/wp-json\/wp\/v2\/pages\/3249\/revisions\/5108"}],"wp:attachment":[{"href":"https:\/\/www.golden-compound.com\/en\/wp-json\/wp\/v2\/media?parent=3249"}],"curies":[{"name":"wp","href":"https:\/\/api.w.org\/{rel}","templated":true}]}}